{"id":541,"date":"2020-02-17T10:19:45","date_gmt":"2020-02-17T13:19:45","guid":{"rendered":"http:\/\/10.101.10.197\/www\/?page_id=541"},"modified":"2024-03-08T08:41:25","modified_gmt":"2024-03-08T11:41:25","slug":"historia","status":"publish","type":"page","link":"https:\/\/www.fcejs.unsl.edu.ar\/index.php\/historia\/","title":{"rendered":"Historia"},"content":{"rendered":"\t\t<div data-elementor-type=\"wp-page\" data-elementor-id=\"541\" class=\"elementor elementor-541\">\n\t\t\t\t\t\t<section class=\"elementor-section elementor-top-section elementor-element elementor-element-efb1046 elementor-section-full_width elementor-section-height-default elementor-section-height-default\" data-id=\"efb1046\" data-element_type=\"section\" data-e-type=\"section\">\n\t\t\t\t\t\t<div class=\"elementor-container elementor-column-gap-default\">\n\t\t\t\t\t<div class=\"elementor-column elementor-col-100 elementor-top-column elementor-element elementor-element-58a062a\" data-id=\"58a062a\" data-element_type=\"column\" data-e-type=\"column\">\n\t\t\t<div class=\"elementor-widget-wrap elementor-element-populated\">\n\t\t\t\t\t\t<div class=\"elementor-element elementor-element-92e61c4 elementor-align-left elementor-widget elementor-widget-button\" data-id=\"92e61c4\" data-element_type=\"widget\" data-e-type=\"widget\" data-widget_type=\"button.default\">\n\t\t\t\t<div class=\"elementor-widget-container\">\n\t\t\t\t\t\t\t\t\t<div class=\"elementor-button-wrapper\">\n\t\t\t\t\t<a class=\"elementor-button elementor-button-link elementor-size-sm\" href=\"#\">\n\t\t\t\t\t\t<span class=\"elementor-button-content-wrapper\">\n\t\t\t\t\t\t\t\t\t<span class=\"elementor-button-text\">HISTORIA DE LA FACULTAD<\/span>\n\t\t\t\t\t<\/span>\n\t\t\t\t\t<\/a>\n\t\t\t\t<\/div>\n\t\t\t\t\t\t\t\t<\/div>\n\t\t\t\t<\/div>\n\t\t\t\t<div class=\"elementor-element elementor-element-5ea8f72 elementor-widget elementor-widget-text-editor\" data-id=\"5ea8f72\" data-element_type=\"widget\" data-e-type=\"widget\" data-widget_type=\"text-editor.default\">\n\t\t\t\t<div class=\"elementor-widget-container\">\n\t\t\t\t\t\t\t\t\t<p><strong>Breve rese\u00f1a hist\u00f3rica sobre la creaci\u00f3n de la Facultad<\/strong>:<\/p><p>La Facultad de Ciencias Econ\u00f3micas, Jur\u00eddicas y Sociales -FCEJS- se cre\u00f3 en el a\u00f1o 2012 mediante las Ordenanzas AU N\u00b0 01\/12 y AU N\u00b0 02\/12; en el mismo acto se orden\u00f3 el cese de funciones de la ex Facultad de Ingenier\u00eda y Ciencias Econ\u00f3mico-Sociales -FICES- de la cual depend\u00edan las carreras y dem\u00e1s actividades de la Facultad mencionada. El 7 de junio de 2012, la Asamblea Universitaria de la Universidad Nacional de San Luis aprob\u00f3 la creaci\u00f3n de las siguientes nuevas Unidades Acad\u00e9micas, con sede en las ciudades de San Luis, Villa Mercedes y Villa de Merlo: Facultad de Ciencias de la Salud (San Luis) Facultad de Psicolog\u00eda (San Luis) Facultad de Ciencias Econ\u00f3micas, Jur\u00eddicas y Sociales \u2013FCEJS- (Villa Mercedes) Facultad de Ingenier\u00eda y Ciencias Agropecuarias -FICA- (Villa Mercedes) Facultad de Turismo y Urbanismo (Villa de Merlo) La Facultad de Ciencias Econ\u00f3micas, Jur\u00eddicas y Sociales -FCEJS-, comenz\u00f3 sus actividades a partir del mes de septiembre de 2013 luego de elegir a sus autoridades por acto eleccionario. Esta Unidad Acad\u00e9mica est\u00e1 organizada en tres (3) Departamentos: de Ciencias Econ\u00f3micas, de Ciencias Sociales y de Ciencias Jur\u00eddicas y Pol\u00edtica. No obstante su reciente creaci\u00f3n, la trayectoria de esta Unidad Acad\u00e9mica data desde el momento que se cre\u00f3 la Universidad Nacional de San Luis en 1973; desarrolla desde entonces todas las actividades sustantivas de Docencia, Investigaci\u00f3n y Extensi\u00f3n en cumplimiento de los fines y funciones expresadas en el Estatuto Universitario de la Universidad Nacional de San Luis.<\/p><p>Por OCS N\u00b0 18\/12 el Consejo Superior decidi\u00f3 la integraci\u00f3n de las carreras de Pregrado, Grado y Posgrado que conformar\u00edan cada una de las nuevas Facultades; esta integraci\u00f3n \u201cdeterminar\u00e1 la reubicaci\u00f3n del personal docentes con destino a los Departamentos que se correspondan de acuerdo a la pertinencia disciplinar con dichas carreras, as\u00ed como de los alumnos que actualmente las cursan.\u201d Por ello, al iniciar las actividades con la denominaci\u00f3n de Facultad de Ciencias Econ\u00f3micas, Jur\u00eddicas y Sociales le corresponden las siguientes carreras: &#8211; Pregrado (2): T\u00e9cnico Universitario en Asistencia Jur\u00eddica, Procurador &#8211; Grado (6): Abogac\u00eda, Contador P\u00fablico Nacional, Licenciatura en Administraci\u00f3n, Licenciatura en Administraci\u00f3n P\u00fablica, Licenciatura en Trabajo Social y Ciclo de Licenciatura en Gesti\u00f3n de Instituciones Universitarias. &#8211; Posgrado (3): Maestr\u00eda en Econom\u00eda y Negocios, Maestr\u00eda en Sociedad e Instituciones, Especializaci\u00f3n en Intervenci\u00f3n Sociales con Ni\u00f1os\/as, Adolescentes y J\u00f3venes. A partir de su creaci\u00f3n, esta Facultad desarroll\u00f3 acciones tendientes a la promoci\u00f3n de la formaci\u00f3n de pregrado, grado y posgrado e incorpor\u00f3 nuevas carreras.<\/p><p>La historia acad\u00e9mica del Centro Universitario de Villa Mercedes se caracteriz\u00f3 por una estrecha colaboraci\u00f3n y trabajo interdisciplinario con los docentes de la actual Facultad de Ingenier\u00eda y Ciencias Agropecuarias \u2013FICA, en apoyo al dictado de otras carreras como en actividades de investigaci\u00f3n y extensi\u00f3n. Es as\u00ed que, en la actualidad, se han conformado equipos interdisciplinarios de c\u00e1tedra como tambi\u00e9n de investigaci\u00f3n y extensi\u00f3n, con independencia de la Facultad a la cual pertenece cada docente. En este contexto, es pr\u00e1ctica habitual la prestaci\u00f3n de servicios acad\u00e9micos entre los Departamentos de ambas Facultades para el dictado de asignaturas, obligatorias o electivas, en las diferentes carreras que se dictan en este Centro Universitario.<\/p><p><strong>Centro Universitario de Villa Mercedes<\/strong>. <strong>Su historia.<\/strong><\/p><p>Nuestra historia est\u00e1 unida a la historia del Centro Universitario de Villa Mercedes, creado como resultado de una fuerte participaci\u00f3n de la comunidad de Villa Mercedes quien promovi\u00f3 la creaci\u00f3n de una Universidad para la provincia de San Luis, luego denominada Facultad de Ingenier\u00eda y Administraci\u00f3n \u2013FIA-, y m\u00e1s tarde denominada Facultad de Ingenier\u00eda y Ciencias Econ\u00f3mico Sociales \u2013FICES-. A comienzos de la d\u00e9cada del 70, y previo a la creaci\u00f3n de la UNSL, en Villa Mercedes se registraron solicitudes de parte de las autoridades locales para la puesta en marcha de estudios universitarios en la ciudad, a trav\u00e9s de movilizaciones con un fuerte apoyo popular. Con la creaci\u00f3n de la Universidad Nacional de San Luis -10 de mayo de1973-, las autoridades nacionales apoyaron la puesta en marcha de una sede universitaria en la ciudad de Villa Mercedes y, en 1974, comenzaron las actividades acad\u00e9micas en distintos inmuebles facilitados por particulares e instituciones del medio. Esta Unidad Acad\u00e9mica -FICES-, organizada bajo el sistema Departamental: Departamento de Ciencias Econ\u00f3mico Sociales y Departamento de Ingenier\u00eda, se orient\u00f3 a ofrecer carreras de grado con perfil tecnol\u00f3gico, para la regi\u00f3n semi\u00e1rida, y carreras de ciencias sociales y administraci\u00f3n, que explica hoy la heterogeneidad de propuestas de formaci\u00f3n que se dictan en esta sede: Ingenier\u00eda Agron\u00f3mica, Ingenier\u00eda Qu\u00edmica Industrial e Ingenier\u00eda Electromec\u00e1nica, Licenciatura en Administraci\u00f3n con dos especializaciones: de Empresas y P\u00fablica y Licenciatura en Trabajo Social. Universidad Nacional de San Luis 2018 \u2013 \u201cA\u00f1o del Centenario de la Reforma Universitaria\u201d 8 En el a\u00f1o 1975 se inauguraron las instalaciones del denominado Complejo Universitario de Villa Mercedes en un predio ubicado en la Ruta Nacional N\u00b0148 extremo Norte -hoy sede de Ciencias Agropecuarias, actual Autopista Provincial N\u00ba 55-. En el segundo cuatrimestre de 1976 la mayor parte de las actividades acad\u00e9micas y administrativas se trasladaron al edificio del ex-Hospital San Roque, ubicado en el centro de la ciudad de Villa Mercedes &#8211; actualmente sede de los Decanatos de las dos nuevas Facultades -. Cuando se produce el golpe militar en el a\u00f1o 1976, las Universidades fueron intervenidas, se produjeron cesant\u00edas de varios docentes y se cerr\u00f3 la carrera de Licenciatura en Trabajo Social por ser considerada de \u201c\u00edndole subversiva\u201d, cre\u00e1ndose en Villa Mercedes la denominada Facultad de Ingenier\u00eda y Administraci\u00f3n con cuatro Escuelas, alej\u00e1ndose de la estructura departamental. Con el advenimiento de la democracia, en el a\u00f1o1984 se reabri\u00f3 la carrera de Licenciatura en Trabajo Social y se unific\u00f3 en una \u00fanica carrera la Licenciatura en Administraci\u00f3n dejando sin efecto las orientaciones \u2013Administraci\u00f3n P\u00fablica y Administraci\u00f3n de Empresas-. En 1990 se cre\u00f3 la carrera de Contador P\u00fablico Nacional; en 1992 esta carrera se dict\u00f3 paralelamente, por \u00fanica vez, en la ciudad de San Luis. En 1993 se inaugur\u00f3 el primer bloque del actual edificio del Campus Universitario Villa Mercedes construido en el predio ubicado sobre Ruta Nacional N\u00b0 148, extremo Norte. Desde ese momento funciona all\u00ed el Departamento de Ciencias Econ\u00f3mico-Sociales, dict\u00e1ndose en el mismo la totalidad de los cursos correspondientes a las carreras de Licenciatura en Administraci\u00f3n, Licenciatura en Trabajo Social y Contador P\u00fablico Nacional. En el a\u00f1o 2009 se crearon las carreras de Abogac\u00eda, Procurador y Asistente Jur\u00eddico (OCD 011\/09). De esta manera, la Universidad Nacional de San Luis dio respuesta a las demandas hist\u00f3ricas de la comunidad de Villa Mercedes y la regi\u00f3n. En el a\u00f1o 2011 se comenz\u00f3 a dictar la carrera de pregrado T\u00e9cnico Universitario en Administraci\u00f3n y Gesti\u00f3n de Instituciones Universitarias (OCD 09\/11) destinada a la formaci\u00f3n del personal administrativo y personal t\u00e9cnico de la Unidad Acad\u00e9mica. En el 2012, se dict\u00f3 el Ciclo de la Licenciatura en Administraci\u00f3n y Gesti\u00f3n de Instituciones Universitarias y, en el a\u00f1o 2013, comenz\u00f3 el dictado de la Tecnicatura en Gesti\u00f3n Financiera (OCD 015\/12). En el a\u00f1o 2012 se crearon las nuevas Facultades con sede en Villa Mercedes y se orden\u00f3 el cese de funciones de la ex Facultad de Ingenier\u00eda y Ciencias Econ\u00f3mico-Sociales -FICES-. La nueva Unidad Acad\u00e9mica creada -Facultad de Ciencias Econ\u00f3micas, Jur\u00eddicas y Sociales, FCEJS- comienza sus actividades a partir del mes de septiembre de 2013 asumiendo todas las actividades sustantivas de docencia, extensi\u00f3n e investigaci\u00f3n; esta Facultad se organiza en tres (3) Departamentos: de Ciencias Econ\u00f3micas, de Ciencias Sociales y de Ciencias Jur\u00eddicas y Pol\u00edtica.<\/p>\t\t\t\t\t\t\t\t<\/div>\n\t\t\t\t<\/div>\n\t\t\t\t\t<\/div>\n\t\t<\/div>\n\t\t\t\t\t<\/div>\n\t\t<\/section>\n\t\t\t\t<\/div>\n\t\t","protected":false},"excerpt":{"rendered":"<p>HISTORIA DE LA FACULTAD Breve rese\u00f1a hist\u00f3rica sobre la creaci\u00f3n de la Facultad: La Facultad de Ciencias Econ\u00f3micas, Jur\u00eddicas y Sociales -FCEJS- se cre\u00f3 en&hellip;<\/p>\n","protected":false},"author":9,"featured_media":0,"parent":0,"menu_order":0,"comment_status":"closed","ping_status":"closed","template":"","meta":{"om_disable_all_campaigns":false,"_monsterinsights_skip_tracking":false,"_monsterinsights_sitenote_active":false,"_monsterinsights_sitenote_note":"","_monsterinsights_sitenote_category":0,"footnotes":""},"class_list":["post-541","page","type-page","status-publish","hentry"],"yoast_head":"<!-- This site is optimized with the Yoast SEO plugin v27.6 - https:\/\/yoast.com\/product\/yoast-seo-wordpress\/ -->\n<title>Historia - Facultad de Ciencias Econ\u00f3micas, Jur\u00ed\u00addicas y Sociales<\/title>\n<meta name=\"robots\" content=\"index, follow, max-snippet:-1, max-image-preview:large, max-video-preview:-1\" \/>\n<link rel=\"canonical\" href=\"https:\/\/www.fcejs.unsl.edu.ar\/index.php\/historia\/\" \/>\n<meta property=\"og:locale\" content=\"es_ES\" \/>\n<meta property=\"og:type\" content=\"article\" \/>\n<meta property=\"og:title\" content=\"Historia - Facultad de Ciencias Econ\u00f3micas, Jur\u00ed\u00addicas y Sociales\" \/>\n<meta property=\"og:description\" content=\"HISTORIA DE LA FACULTAD Breve rese\u00f1a hist\u00f3rica sobre la creaci\u00f3n de la Facultad: La Facultad de Ciencias Econ\u00f3micas, Jur\u00eddicas y Sociales -FCEJS- se cre\u00f3 en&hellip;\" \/>\n<meta property=\"og:url\" content=\"https:\/\/www.fcejs.unsl.edu.ar\/index.php\/historia\/\" \/>\n<meta property=\"og:site_name\" content=\"Facultad de Ciencias Econ\u00f3micas, Jur\u00ed\u00addicas y Sociales\" \/>\n<meta property=\"article:publisher\" content=\"https:\/\/www.facebook.com\/FCEJS.UNSL\/\" \/>\n<meta property=\"article:modified_time\" content=\"2024-03-08T11:41:25+00:00\" \/>\n<meta name=\"twitter:card\" content=\"summary_large_image\" \/>\n<meta name=\"twitter:site\" content=\"@FCEJSUNSL\" \/>\n<meta name=\"twitter:label1\" content=\"Tiempo de lectura\" \/>\n\t<meta name=\"twitter:data1\" content=\"6 minutos\" \/>\n<script type=\"application\/ld+json\" class=\"yoast-schema-graph\">{\"@context\":\"https:\\\/\\\/schema.org\",\"@graph\":[{\"@type\":\"WebPage\",\"@id\":\"https:\\\/\\\/www.fcejs.unsl.edu.ar\\\/index.php\\\/historia\\\/\",\"url\":\"https:\\\/\\\/www.fcejs.unsl.edu.ar\\\/index.php\\\/historia\\\/\",\"name\":\"Historia - Facultad de Ciencias Econ\u00f3micas, Jur\u00ed\u00addicas y Sociales\",\"isPartOf\":{\"@id\":\"https:\\\/\\\/www.fcejs.unsl.edu.ar\\\/#website\"},\"datePublished\":\"2020-02-17T13:19:45+00:00\",\"dateModified\":\"2024-03-08T11:41:25+00:00\",\"breadcrumb\":{\"@id\":\"https:\\\/\\\/www.fcejs.unsl.edu.ar\\\/index.php\\\/historia\\\/#breadcrumb\"},\"inLanguage\":\"es-AR\",\"potentialAction\":[{\"@type\":\"ReadAction\",\"target\":[\"https:\\\/\\\/www.fcejs.unsl.edu.ar\\\/index.php\\\/historia\\\/\"]}]},{\"@type\":\"BreadcrumbList\",\"@id\":\"https:\\\/\\\/www.fcejs.unsl.edu.ar\\\/index.php\\\/historia\\\/#breadcrumb\",\"itemListElement\":[{\"@type\":\"ListItem\",\"position\":1,\"name\":\"Inicio\",\"item\":\"https:\\\/\\\/www.fcejs.unsl.edu.ar\\\/\"},{\"@type\":\"ListItem\",\"position\":2,\"name\":\"Historia\"}]},{\"@type\":\"WebSite\",\"@id\":\"https:\\\/\\\/www.fcejs.unsl.edu.ar\\\/#website\",\"url\":\"https:\\\/\\\/www.fcejs.unsl.edu.ar\\\/\",\"name\":\"Facultad de Ciencias Econ\u00f3micas, Jur\u00ed\u00addicas y Sociales\",\"description\":\"\",\"publisher\":{\"@id\":\"https:\\\/\\\/www.fcejs.unsl.edu.ar\\\/#organization\"},\"potentialAction\":[{\"@type\":\"SearchAction\",\"target\":{\"@type\":\"EntryPoint\",\"urlTemplate\":\"https:\\\/\\\/www.fcejs.unsl.edu.ar\\\/?s={search_term_string}\"},\"query-input\":{\"@type\":\"PropertyValueSpecification\",\"valueRequired\":true,\"valueName\":\"search_term_string\"}}],\"inLanguage\":\"es-AR\"},{\"@type\":\"Organization\",\"@id\":\"https:\\\/\\\/www.fcejs.unsl.edu.ar\\\/#organization\",\"name\":\"Facultad de Ciencias Econ\u00f3micas, Jur\u00eddicas y Sociales\",\"url\":\"https:\\\/\\\/www.fcejs.unsl.edu.ar\\\/\",\"logo\":{\"@type\":\"ImageObject\",\"inLanguage\":\"es-AR\",\"@id\":\"https:\\\/\\\/www.fcejs.unsl.edu.ar\\\/#\\\/schema\\\/logo\\\/image\\\/\",\"url\":\"https:\\\/\\\/www.fcejs.unsl.edu.ar\\\/wp-content\\\/uploads\\\/2021\\\/03\\\/logo-1.jpg\",\"contentUrl\":\"https:\\\/\\\/www.fcejs.unsl.edu.ar\\\/wp-content\\\/uploads\\\/2021\\\/03\\\/logo-1.jpg\",\"width\":471,\"height\":146,\"caption\":\"Facultad de Ciencias Econ\u00f3micas, Jur\u00eddicas y Sociales\"},\"image\":{\"@id\":\"https:\\\/\\\/www.fcejs.unsl.edu.ar\\\/#\\\/schema\\\/logo\\\/image\\\/\"},\"sameAs\":[\"https:\\\/\\\/www.facebook.com\\\/FCEJS.UNSL\\\/\",\"https:\\\/\\\/x.com\\\/FCEJSUNSL\",\"https:\\\/\\\/www.instagram.com\\\/fcejs.unsl\\\/\",\"https:\\\/\\\/www.youtube.com\\\/channel\\\/UCH-Ut6EaN_X5ogjIQMPe46g\\\/\"]}]}<\/script>\n<!-- \/ Yoast SEO plugin. -->","yoast_head_json":{"title":"Historia - Facultad de Ciencias Econ\u00f3micas, Jur\u00ed\u00addicas y Sociales","robots":{"index":"index","follow":"follow","max-snippet":"max-snippet:-1","max-image-preview":"max-image-preview:large","max-video-preview":"max-video-preview:-1"},"canonical":"https:\/\/www.fcejs.unsl.edu.ar\/index.php\/historia\/","og_locale":"es_ES","og_type":"article","og_title":"Historia - Facultad de Ciencias Econ\u00f3micas, Jur\u00ed\u00addicas y Sociales","og_description":"HISTORIA DE LA FACULTAD Breve rese\u00f1a hist\u00f3rica sobre la creaci\u00f3n de la Facultad: La Facultad de Ciencias Econ\u00f3micas, Jur\u00eddicas y Sociales -FCEJS- se cre\u00f3 en&hellip;","og_url":"https:\/\/www.fcejs.unsl.edu.ar\/index.php\/historia\/","og_site_name":"Facultad de Ciencias Econ\u00f3micas, Jur\u00ed\u00addicas y Sociales","article_publisher":"https:\/\/www.facebook.com\/FCEJS.UNSL\/","article_modified_time":"2024-03-08T11:41:25+00:00","twitter_card":"summary_large_image","twitter_site":"@FCEJSUNSL","twitter_misc":{"Tiempo de lectura":"6 minutos"},"schema":{"@context":"https:\/\/schema.org","@graph":[{"@type":"WebPage","@id":"https:\/\/www.fcejs.unsl.edu.ar\/index.php\/historia\/","url":"https:\/\/www.fcejs.unsl.edu.ar\/index.php\/historia\/","name":"Historia - Facultad de Ciencias Econ\u00f3micas, Jur\u00ed\u00addicas y Sociales","isPartOf":{"@id":"https:\/\/www.fcejs.unsl.edu.ar\/#website"},"datePublished":"2020-02-17T13:19:45+00:00","dateModified":"2024-03-08T11:41:25+00:00","breadcrumb":{"@id":"https:\/\/www.fcejs.unsl.edu.ar\/index.php\/historia\/#breadcrumb"},"inLanguage":"es-AR","potentialAction":[{"@type":"ReadAction","target":["https:\/\/www.fcejs.unsl.edu.ar\/index.php\/historia\/"]}]},{"@type":"BreadcrumbList","@id":"https:\/\/www.fcejs.unsl.edu.ar\/index.php\/historia\/#breadcrumb","itemListElement":[{"@type":"ListItem","position":1,"name":"Inicio","item":"https:\/\/www.fcejs.unsl.edu.ar\/"},{"@type":"ListItem","position":2,"name":"Historia"}]},{"@type":"WebSite","@id":"https:\/\/www.fcejs.unsl.edu.ar\/#website","url":"https:\/\/www.fcejs.unsl.edu.ar\/","name":"Facultad de Ciencias Econ\u00f3micas, Jur\u00ed\u00addicas y Sociales","description":"","publisher":{"@id":"https:\/\/www.fcejs.unsl.edu.ar\/#organization"},"potentialAction":[{"@type":"SearchAction","target":{"@type":"EntryPoint","urlTemplate":"https:\/\/www.fcejs.unsl.edu.ar\/?s={search_term_string}"},"query-input":{"@type":"PropertyValueSpecification","valueRequired":true,"valueName":"search_term_string"}}],"inLanguage":"es-AR"},{"@type":"Organization","@id":"https:\/\/www.fcejs.unsl.edu.ar\/#organization","name":"Facultad de Ciencias Econ\u00f3micas, Jur\u00eddicas y Sociales","url":"https:\/\/www.fcejs.unsl.edu.ar\/","logo":{"@type":"ImageObject","inLanguage":"es-AR","@id":"https:\/\/www.fcejs.unsl.edu.ar\/#\/schema\/logo\/image\/","url":"https:\/\/www.fcejs.unsl.edu.ar\/wp-content\/uploads\/2021\/03\/logo-1.jpg","contentUrl":"https:\/\/www.fcejs.unsl.edu.ar\/wp-content\/uploads\/2021\/03\/logo-1.jpg","width":471,"height":146,"caption":"Facultad de Ciencias Econ\u00f3micas, Jur\u00eddicas y Sociales"},"image":{"@id":"https:\/\/www.fcejs.unsl.edu.ar\/#\/schema\/logo\/image\/"},"sameAs":["https:\/\/www.facebook.com\/FCEJS.UNSL\/","https:\/\/x.com\/FCEJSUNSL","https:\/\/www.instagram.com\/fcejs.unsl\/","https:\/\/www.youtube.com\/channel\/UCH-Ut6EaN_X5ogjIQMPe46g\/"]}]}},"_links":{"self":[{"href":"https:\/\/www.fcejs.unsl.edu.ar\/index.php\/wp-json\/wp\/v2\/pages\/541","targetHints":{"allow":["GET"]}}],"collection":[{"href":"https:\/\/www.fcejs.unsl.edu.ar\/index.php\/wp-json\/wp\/v2\/pages"}],"about":[{"href":"https:\/\/www.fcejs.unsl.edu.ar\/index.php\/wp-json\/wp\/v2\/types\/page"}],"author":[{"embeddable":true,"href":"https:\/\/www.fcejs.unsl.edu.ar\/index.php\/wp-json\/wp\/v2\/users\/9"}],"replies":[{"embeddable":true,"href":"https:\/\/www.fcejs.unsl.edu.ar\/index.php\/wp-json\/wp\/v2\/comments?post=541"}],"version-history":[{"count":13,"href":"https:\/\/www.fcejs.unsl.edu.ar\/index.php\/wp-json\/wp\/v2\/pages\/541\/revisions"}],"predecessor-version":[{"id":15793,"href":"https:\/\/www.fcejs.unsl.edu.ar\/index.php\/wp-json\/wp\/v2\/pages\/541\/revisions\/15793"}],"wp:attachment":[{"href":"https:\/\/www.fcejs.unsl.edu.ar\/index.php\/wp-json\/wp\/v2\/media?parent=541"}],"curies":[{"name":"wp","href":"https:\/\/api.w.org\/{rel}","templated":true}]}}